{"id":3,"date":"2024-05-16T13:10:49","date_gmt":"2024-05-16T13:10:49","guid":{"rendered":"https:\/\/michalmaciaszek.pl\/?page_id=3"},"modified":"2025-12-08T13:54:40","modified_gmt":"2025-12-08T13:54:40","slug":"privacy-policy","status":"publish","type":"page","link":"https:\/\/michalmaciaszek.pl\/en\/privacy-policy\/","title":{"rendered":"Privacy Policy"},"content":{"rendered":"\t\t<div data-elementor-type=\"wp-page\" data-elementor-id=\"3\" class=\"elementor elementor-3\" data-elementor-post-type=\"page\">\n\t\t\t\t<div class=\"elementor-element elementor-element-7861531 e-flex e-con-boxed e-con e-parent\" data-id=\"7861531\" data-element_type=\"container\" data-e-type=\"container\">\n\t\t\t\t\t<div class=\"e-con-inner\">\n\t\t\t\t<div class=\"elementor-element elementor-element-e3a17b1 elementor-align-right elementor-widget elementor-widget-button\" data-id=\"e3a17b1\" data-element_type=\"widget\" data-e-type=\"widget\" data-widget_type=\"button.default\">\n\t\t\t\t<div class=\"elementor-widget-container\">\n\t\t\t\t\t\t\t\t\t<div class=\"elementor-button-wrapper\">\n\t\t\t\t\t<a class=\"elementor-button elementor-button-link elementor-size-sm\" href=\"http:\/\/michalmaciaszek.pl\">\n\t\t\t\t\t\t<span class=\"elementor-button-content-wrapper\">\n\t\t\t\t\t\t\t\t\t<span class=\"elementor-button-text\">Powr\u00f3t<\/span>\n\t\t\t\t\t<\/span>\n\t\t\t\t\t<\/a>\n\t\t\t\t<\/div>\n\t\t\t\t\t\t\t\t<\/div>\n\t\t\t\t<\/div>\n\t\t\t\t<div class=\"elementor-element elementor-element-4b2b1d8 elementor-widget elementor-widget-text-editor\" data-id=\"4b2b1d8\" data-element_type=\"widget\" data-e-type=\"widget\" data-widget_type=\"text-editor.default\">\n\t\t\t\t<div class=\"elementor-widget-container\">\n\t\t\t\t\t\t\t\t\t<p><strong>Polityka prywatno\u015bci i plik\u00f3w cookies<\/strong><\/p><p>Informacje og\u00f3lne<\/p><p>Niniejsza Polityka prywatno\u015bci i plik\u00f3w cookies strony, zwana dalej Stron\u0105 internetow\u0105, okre\u015bla zasady przetwarzania i ochrony danych osobowych oraz wykorzystania plik\u00f3w cookies oraz innych technologii takich jak: Google Analitycs, Facebook Pixel w zwi\u0105zku z korzystaniem przez U\u017cytkownik\u00f3w ze Strony internetowej oraz fanpage, a tak\u017ce z korzystaniem przez nich z us\u0142ug oferowanych w Sklepie dost\u0119pnym na Stronie internetowej.<\/p><p>\u00a7 1<\/p><p>Definicje<\/p><p>Na potrzeby niniejszej polityki prywatno\u015bci przyjmuje si\u0119 nast\u0119puj\u0105ce znaczenie poni\u017cszych poj\u0119\u0107:<\/p><p>1. Administrator \u2013 Micha\u0142 Maciaszek, prowadz\u0105cy dzia\u0142alno\u015b\u0107 gospodarcz\u0105 pod firm\u0105 Micha\u0142 Maciaszek z siedzib\u0105 w Warszawie, pod adresem ul. Meissnera 10\/42, kod pocztowy: 03-982, pos\u0142uguj\u0105ca si\u0119 nr NIP: 1132545122 oraz REGON: 389504064.<\/p><p><del>2. Sklep \u2013 sklep internetowy dost\u0119pny pod adresem:<\/del><\/p><p>3. Strona internetowa \u2013 serwis dost\u0119pny pod adresem:\u00a0<a href=\"http:\/\/michalmaciaszek.pl\">https:\/\/www.michalmaciaszek.pl<\/a><\/p><p>4. U\u017cytkownik \u2013 ka\u017cdy podmiot, kt\u00f3ry przegl\u0105da zawarto\u015b\u0107 Strony internetowej.<\/p><p>5. RODO \u2013 Rozporz\u0105dzenie Parlamentu Europejskiego i Rady (UE) 2016\/679 z dnia 27 kwietnia 2016 r. w sprawie ochrony os\u00f3b fizycznych w zwi\u0105zku z przetwarzaniem danych osobowych i w sprawie swobodnego przep\u0142ywu takich danych oraz uchylenia dyrektywy 95\/46\/WE<\/p><p>\u00a7 2<\/p><p>Dane osobowe<\/p><p>1. Administratorem danych osobowych U\u017cytkownika w rozumieniu RODO jest Administrator.\u00a0<\/p><p>2. U\u017cytkownik mo\u017ce przekazywa\u0107 swoje dane osobowe Administratorowi za pomoc\u0105 formularzy dost\u0119pnych na Stronie internetowej, a tak\u017ce takich rozwi\u0105za\u0144, jak Messenger, fanpage, itd.\u00a0<\/p><p>3. Podstaw\u0105 prawn\u0105 przetwarzania danych osobowych U\u017cytkownik\u00f3w jest dobrowolna, konkretna, \u015bwiadoma i jednoznaczna zgoda U\u017cytkownika wyra\u017cona za pomoc\u0105 odpowiedniego formularza na Stronie internetowej. Dane osobowe mog\u0105 by\u0107 przetwarzane tak\u017ce w przypadkach, w kt\u00f3rych Administrator jest upowa\u017cniony do przetwarzania danych osobowych na podstawie przepis\u00f3w prawa lub w celu realizacji zawartej pomi\u0119dzy stronami umowy, a tak\u017ce na podstawie prawnie uzasadnionego interesu realizowanego przez administratora. W szczeg\u00f3lno\u015bci:\u00a0<\/p><p>a. [FORMULARZ ZAM\u00d3WIENIA]<\/p><p>Dane osobowe przekazywane Administratorowi przez U\u017cytkownika w ramach formularza zam\u00f3wienia przetwarzane s\u0105 w celu wykonania umowy zawieranej za po\u015brednictwem Strony internetowej. Umowa ta jest podstaw\u0105 przetwarzania. Podanie danych osobowych przez U\u017cytkownika jest dobrowolne, ale niezb\u0119dne, by U\u017cytkownik m\u00f3g\u0142 zawrze\u0107 umow\u0119 z Administratorem. Dane te b\u0119d\u0105 przetwarzane przez czas realizacji zam\u00f3wienia oraz realizacji obowi\u0105zk\u00f3w ustawowych ci\u0105\u017c\u0105cych na administratorze (np. podatkowo-ksi\u0119gowych), a tak\u017ce na wypadek roszcze\u0144.\u00a0<\/p><p>b. [FORMULARZ KONTAKTOWY]<\/p><p>Dane osobowe przekazywane Administratorowi przez U\u017cytkownika w ramach formularza kontaktowego przetwarzane s\u0105 w celu udzielenia odpowiedzi na wys\u0142ane za pomoc\u0105 formularza zapytanie. Podanie danych osobowych przez U\u017cytkownika jest dobrowolne, ale niezb\u0119dne, by U\u017cytkownik otrzyma\u0142 odpowied\u017a. Przetwarzanie danych w tym celu odbywa si\u0119 na podstawie prawnie uzasadnionego interesu realizowanego przez administratora (Art.6 ust.1 lit.f RODO). Dane te b\u0119d\u0105 przetwarzane do czasu zako\u0144czenia korespondencji oraz 2 lat od jej zako\u0144czenia.<\/p><p>c. [FORMULARZ DODAWANIA KOMENTARZY]<\/p><p>Dane osobowe przekazywane Administratorowi przez U\u017cytkownika w ramach formularza komentarzy przetwarzane s\u0105 w celu wy\u015bwietlenia komentarza U\u017cytkownika (np. na blogu). Podanie danych osobowych przez U\u017cytkownika jest dobrowolne, ale niezb\u0119dne, by U\u017cytkownik m\u00f3g\u0142 umie\u015bci\u0107 komentarz. Przetwarzanie danych w tym celu odbywa si\u0119 na podstawie zgody u\u017cytkownika. Dane te b\u0119d\u0105 przetwarzane tak d\u0142ugo, jak d\u0142ugo b\u0119dzie istnia\u0142a Strona internetowa lub do czasu cofni\u0119cia zgody przez U\u017cytkownika.\u00a0<\/p><p>4. Administrator mo\u017ce powierzy\u0107 dane osobowe innym podmiotom, z pomoc\u0105 kt\u00f3rych realizuje wskazane w poprzednich punktach cele (np. firmom dostarczaj\u0105cym us\u0142ug\u0119 hostingu, firmie ksi\u0119gowej, programi\u015bcie zapewniaj\u0105cemu wsparcie techniczne strony internetowej)\u00a0<\/p><p>5. Dane osobowe U\u017cytkownika nie b\u0119d\u0105 przekazywane do odbiorc\u00f3w z pa\u0144stw trzecich ani organizacji mi\u0119dzynarodowych, kt\u00f3re nie zapewniaj\u0105 odpowiedniego stopnia ochrony. Odpowiedni stopie\u0144 ochrony musi by\u0107 potwierdzony odpowiedni\u0105 decyzj\u0105 Komisji Europejskiej lub innym wi\u0105\u017c\u0105cym instrumentem prawnym.<\/p><ol start=\"6\"><li>Przetwarzane dane osobowe mog\u0105 zosta\u0107 udost\u0119pnione bez zgody U\u017cytkownika uprawnionym organom publicznym, organom \u015bcigania oraz organom administracji rz\u0105dowej i samorz\u0105dowej na ich wyra\u017ane \u017c\u0105danie znajduj\u0105ce oparcie w obowi\u0105zuj\u0105cych przepisach prawa, w tym w szczeg\u00f3lno\u015bci odpowiednich przepisach kodeksu post\u0119powania karnego, lub osobom trzecim na podstawie orzecze\u0144 w\u0142a\u015bciwych organ\u00f3w.<\/li><\/ol><p>7. Administrator gwarantuje poufno\u015b\u0107 wszelkich przekazanych mu danych osobowych.\u00a0<\/p><p>8. Dane osobowe s\u0105 gromadzone z nale\u017cyt\u0105 staranno\u015bci\u0105 i odpowiednio chronione przed dost\u0119pem przez osoby do tego nieupowa\u017cnione, a ich przetwarzanie odbywa si\u0119 zgodnie oraz na warunkach okre\u015blonych szczeg\u00f3\u0142owo w:\u00a0<\/p><p>a. Rozporz\u0105dzeniu Parlamentu Europejskiego i Rady (UE) 2016\/679 z dnia 27 kwietnia 2016 r. w sprawie ochrony os\u00f3b fizycznych w zwi\u0105zku z przetwarzaniem danych osobowych i w sprawie swobodnego przep\u0142ywu takich danych oraz uchylenia dyrektywy 95\/46\/WE,<\/p><p>b. ustawie z dnia 18 lipca 2002 o \u015bwiadczenie us\u0142ug drog\u0105 elektroniczn\u0105,<\/p><p>c. ustawie z dnia 10 maja 2018 o ochronie danych osobowych,<\/p><p>d. ustawie z dnia 16 lipca 2004 Prawo telekomunikacyjne.<\/p><p>\u00a7 3<\/p><p>Prawa u\u017cytkownika<\/p><p>1. U\u017cytkownikowi przys\u0142uguj\u0105 prawa zwi\u0105zane z przetwarzaniem jego danych osobowych, w tym:\u00a0<\/p><p>a. prawo dost\u0119pu do danych\u00a0<\/p><p>b. prawo do poprawienia danych<\/p><p>c. prawo do ograniczenia przetwarzania danych<\/p><p>d. prawo do sprzeciwu wobec przetwarzania danych<\/p><p>e. prawo do usuni\u0119cia danych (tzw. prawo do bycia zapomnianym)<\/p><p>f. prawo do przenoszenia danych<\/p><p>g. prawo do wniesienia skargi do organu nadzorczego w zwi\u0105zku z przetwarzaniem danych osobowych przez Administratora<\/p><p>2. U\u017cytkownik ma prawo do cofni\u0119cia swojej zgody w ka\u017cdej chwili, je\u015bli U\u017cytkownik uprzednio wyrazi\u0142 tak\u0105 zgod\u0119 z zastrze\u017ceniem, \u017ce nie wp\u0142ynie to na zgodno\u015b\u0107 z prawem przetwarzania danych, kt\u00f3re zosta\u0142o dokonane na podstawie zgody przed jej cofni\u0119ciem.<\/p><p>3. W celu realizacji swoich praw U\u017cytkownik powinien skierowa\u0107 odpowiednie \u017c\u0105danie na adres: michal.maciaszek@gmail.com<\/p><p>\u00a7 4<\/p><p>Gromadzone informacje<\/p><p>1. Podczas korzystania przez U\u017cytkownika ze Strony internetowej automatycznie zbierane s\u0105 dane dotycz\u0105ce U\u017cytkownika. Do tych danych zalicza si\u0119 m.in.: adres IP, nazwa domeny, typ przegl\u0105darki, typ systemu operacyjnego. Dane te mog\u0105 by\u0107 zbierane przez pliki cookies (tzw. ciasteczka), a tak\u017ce mog\u0105 by\u0107 zapisywane w logach serwera.<\/p><p>2. Pliki cookies (tzw. ciasteczka) to pliki wysy\u0142ane do komputera lub innego urz\u0105dzenia (np. laptop, smartfon, tablet) U\u017cytkownika i tam zapisywane podczas przegl\u0105dania Strony internetowej. Pliki cookie zapami\u0119tuj\u0105 preferencje U\u017cytkownika, co umo\u017cliwia podnoszenie jako\u015bci \u015bwiadczonych us\u0142ug, poprawianie wynik\u00f3w wyszukiwania i trafno\u015bci wy\u015bwietlanych informacji oraz anonimowe \u015bledzenie preferencji U\u017cytkownika.\u00a0<\/p><p>3. Zgod\u0119 na przechowywanie lub uzyskiwanie dost\u0119pu do cookies przez Administratora na jego urz\u0105dzeniu U\u017cytkownik wyra\u017ca za pomoc\u0105 ustawie\u0144 przegl\u0105darki zainstalowanej na urz\u0105dzeniu U\u017cytkownika.\u00a0<\/p><p>4. U\u017cytkownik mo\u017ce zrezygnowa\u0107 z cookies, wybieraj\u0105c odpowiednie ustawienia w u\u017cywanej przez siebie przegl\u0105darce stron www. W takiej sytuacji korzystanie ze Strony internetowej przez U\u017cytkownika mo\u017ce by\u0107 utrudnione (np. strona mo\u017ce pracowa\u0107 wolniej).\u00a0<\/p><p>5. U\u017cytkownik mo\u017ce usun\u0105\u0107 istniej\u0105ce pliki cookies z urz\u0105dzenia, korzystaj\u0105c z odpowiednich funkcji przegl\u0105darki internetowej, program\u00f3w s\u0142u\u017c\u0105cych w tym celu lub skorzystanie z odpowiednich narz\u0119dzi dost\u0119pnych w ramach systemu operacyjnego, z kt\u00f3rego korzysta U\u017cytkownik.\u00a0<\/p><p>6. Dane zapisane w logach serwera lub za pomoc\u0105 cookies nie s\u0105 \u0142\u0105czone w \u017caden spos\u00f3b z konkretnymi U\u017cytkownikami Strony internetowej i nie s\u0105 wykorzystywane przez Administratora w celu identyfikacji U\u017cytkownika. Logi serwera s\u0142u\u017c\u0105 do administrowania Stron\u0105 internetow\u0105, a ich zawarto\u015b\u0107 nie jest ujawniania nikomu poza osobami upowa\u017cnionymi do administrowania serwerem.<\/p><p>\u00a7 5<\/p><p>Cel wykorzystania danych<\/p><p>Dane podane przez U\u017cytkownika lub zbierane automatycznie Administrator wykorzystuje w celu:<\/p><p>a. prawid\u0142owego funkcjonowania, konfiguracji, bezpiecze\u0144stwa Strony internetowej,<\/p><p>b. monitorowania stanu sesji,<\/p><p>c. analiz, bada\u0144 i audytu wy\u015bwietle\u0144 Strony internetowej,\u00a0<\/p><p>d. realizacji um\u00f3w zawartych za pomoc\u0105 Strony internetowej (realizacji zam\u00f3wie\u0144 z\u0142o\u017conych w Sklepie)\u00a0<\/p><p>e. a tak\u017ce w celach statystycznych i marketingowych.<\/p><p>\u00a7 6<\/p><p>Postanowienia ko\u0144cowe<\/p><p>1. W niniejszym dokumencie mog\u0105 nast\u0105pi\u0107 zmiany, na kt\u00f3re mo\u017ce wp\u0142yn\u0105\u0107 rozw\u00f3j technologii internetowej, zmiany prawa w zakresie ochrony danych osobowych oraz rozw\u00f3j naszej Strony internetowej i Sklepu. Wszelkie zmiany b\u0119d\u0105 komunikowane U\u017cytkownikom niezw\u0142ocznie w spos\u00f3b widoczny i zrozumia\u0142y.\u00a0<\/p><p>2. Wszelkie pytania lub uwagi dotycz\u0105ce Polityki prywatno\u015bci i plik\u00f3w cookies prosimy kierowa\u0107 na adres:<a href=\"mailto:kararabi@gmail.com\">michal.maciaszek@gmail.com<\/a><\/p>\t\t\t\t\t\t\t\t<\/div>\n\t\t\t\t<\/div>\n\t\t\t\t\t<\/div>\n\t\t\t\t<\/div>\n\t\t\t\t<\/div>\n\t\t","protected":false},"excerpt":{"rendered":"<p>Powr\u00f3t Polityka prywatno\u015bci i plik\u00f3w cookies Informacje og\u00f3lne Niniejsza Polityka prywatno\u015bci i plik\u00f3w cookies strony, zwana dalej Stron\u0105 internetow\u0105, okre\u015bla zasady przetwarzania i ochrony danych osobowych oraz wykorzystania plik\u00f3w cookies oraz innych technologii takich jak: Google Analitycs, Facebook Pixel w zwi\u0105zku z korzystaniem przez U\u017cytkownik\u00f3w ze Strony internetowej oraz fanpage, a tak\u017ce z korzystaniem przez [&hellip;]<\/p>\n","protected":false},"author":1,"featured_media":0,"parent":0,"menu_order":0,"comment_status":"closed","ping_status":"open","template":"","meta":{"footnotes":""},"class_list":["post-3","page","type-page","status-publish","hentry"],"yoast_head":"<!-- This site is optimized with the Yoast SEO plugin v27.3 - https:\/\/yoast.com\/product\/yoast-seo-wordpress\/ -->\n<title>Trener personalny Warszawa \u015ar\u00f3dmie\u015bcie | Micha\u0142 Maciaszek - Privacy Policy - Treningi Personalne<\/title>\n<meta name=\"description\" content=\"Twoje cia\u0142o to jedyny dom, z kt\u00f3rego w tym \u017cyciu si\u0119 nie wyprowadzisz. Urz\u0105d\u017a je tak, by \u017cy\u0142o si\u0119 w nim z przyjemno\u015bci\u0105 i dum\u0105 przez kolejne dekady.\" \/>\n<meta name=\"robots\" content=\"index, follow, max-snippet:-1, max-image-preview:large, max-video-preview:-1\" \/>\n<link rel=\"canonical\" href=\"https:\/\/michalmaciaszek.pl\/en\/privacy-policy\/\" \/>\n<meta property=\"og:locale\" content=\"en_GB\" \/>\n<meta property=\"og:type\" content=\"article\" \/>\n<meta property=\"og:title\" content=\"Trener personalny Warszawa \u015ar\u00f3dmie\u015bcie | Micha\u0142 Maciaszek - Privacy Policy - Treningi Personalne\" \/>\n<meta property=\"og:description\" content=\"Twoje cia\u0142o to jedyny dom, z kt\u00f3rego w tym \u017cyciu si\u0119 nie wyprowadzisz. Urz\u0105d\u017a je tak, by \u017cy\u0142o si\u0119 w nim z przyjemno\u015bci\u0105 i dum\u0105 przez kolejne dekady.\" \/>\n<meta property=\"og:url\" content=\"https:\/\/michalmaciaszek.pl\/en\/privacy-policy\/\" \/>\n<meta property=\"og:site_name\" content=\"Trener personalny Warszawa \u015ar\u00f3dmie\u015bcie | Micha\u0142 Maciaszek\" \/>\n<meta property=\"article:publisher\" content=\"https:\/\/www.facebook.com\/MichalMaciaszek\" \/>\n<meta property=\"article:modified_time\" content=\"2025-12-08T13:54:40+00:00\" \/>\n<meta property=\"og:image\" content=\"https:\/\/michalmaciaszek.pl\/wp-content\/uploads\/2024\/06\/Untitled-design-5.jpg\" \/>\n\t<meta property=\"og:image:width\" content=\"1200\" \/>\n\t<meta property=\"og:image:height\" content=\"675\" \/>\n\t<meta property=\"og:image:type\" content=\"image\/jpeg\" \/>\n<meta name=\"twitter:card\" content=\"summary_large_image\" \/>\n<meta name=\"twitter:label1\" content=\"Estimated reading time\" \/>\n\t<meta name=\"twitter:data1\" content=\"8 minutes\" \/>\n<script type=\"application\/ld+json\" class=\"yoast-schema-graph\">{\"@context\":\"https:\\\/\\\/schema.org\",\"@graph\":[{\"@type\":\"WebPage\",\"@id\":\"https:\\\/\\\/michalmaciaszek.pl\\\/privacy-policy\\\/\",\"url\":\"https:\\\/\\\/michalmaciaszek.pl\\\/privacy-policy\\\/\",\"name\":\"Trener personalny Warszawa \u015ar\u00f3dmie\u015bcie | Micha\u0142 Maciaszek - Privacy Policy - Treningi Personalne\",\"isPartOf\":{\"@id\":\"https:\\\/\\\/michalmaciaszek.pl\\\/#website\"},\"datePublished\":\"2024-05-16T13:10:49+00:00\",\"dateModified\":\"2025-12-08T13:54:40+00:00\",\"description\":\"Twoje cia\u0142o to jedyny dom, z kt\u00f3rego w tym \u017cyciu si\u0119 nie wyprowadzisz. Urz\u0105d\u017a je tak, by \u017cy\u0142o si\u0119 w nim z przyjemno\u015bci\u0105 i dum\u0105 przez kolejne dekady.\",\"breadcrumb\":{\"@id\":\"https:\\\/\\\/michalmaciaszek.pl\\\/privacy-policy\\\/#breadcrumb\"},\"inLanguage\":\"en-GB\",\"potentialAction\":[{\"@type\":\"ReadAction\",\"target\":[\"https:\\\/\\\/michalmaciaszek.pl\\\/privacy-policy\\\/\"]}]},{\"@type\":\"BreadcrumbList\",\"@id\":\"https:\\\/\\\/michalmaciaszek.pl\\\/privacy-policy\\\/#breadcrumb\",\"itemListElement\":[{\"@type\":\"ListItem\",\"position\":1,\"name\":\"Strona g\u0142\u00f3wna\",\"item\":\"https:\\\/\\\/michalmaciaszek.pl\\\/\"},{\"@type\":\"ListItem\",\"position\":2,\"name\":\"Privacy Policy\"}]},{\"@type\":\"WebSite\",\"@id\":\"https:\\\/\\\/michalmaciaszek.pl\\\/#website\",\"url\":\"https:\\\/\\\/michalmaciaszek.pl\\\/\",\"name\":\"Trener personalny Warszawa \u015ar\u00f3dmie\u015bcie | Micha\u0142 Maciaszek\",\"description\":\"Trening kt\u00f3ry zamienia cia\u0142o z problemu w sprzymierze\u0144ca.\",\"publisher\":{\"@id\":\"https:\\\/\\\/michalmaciaszek.pl\\\/#\\\/schema\\\/person\\\/36048bf8e9da2af947489f2b0a4b65fb\"},\"alternateName\":\"Trener personalny Warszawa \u015ar\u00f3dmie\u015bcie | Micha\u0142 Maciaszek\",\"potentialAction\":[{\"@type\":\"SearchAction\",\"target\":{\"@type\":\"EntryPoint\",\"urlTemplate\":\"https:\\\/\\\/michalmaciaszek.pl\\\/?s={search_term_string}\"},\"query-input\":{\"@type\":\"PropertyValueSpecification\",\"valueRequired\":true,\"valueName\":\"search_term_string\"}}],\"inLanguage\":\"en-GB\"},{\"@type\":[\"Person\",\"Organization\"],\"@id\":\"https:\\\/\\\/michalmaciaszek.pl\\\/#\\\/schema\\\/person\\\/36048bf8e9da2af947489f2b0a4b65fb\",\"name\":\"Trener Micha\u0142 Maciaszek\",\"image\":{\"@type\":\"ImageObject\",\"inLanguage\":\"en-GB\",\"@id\":\"https:\\\/\\\/michalmaciaszek.pl\\\/wp-content\\\/uploads\\\/2026\\\/04\\\/logo_500x500.png\",\"url\":\"https:\\\/\\\/michalmaciaszek.pl\\\/wp-content\\\/uploads\\\/2026\\\/04\\\/logo_500x500.png\",\"contentUrl\":\"https:\\\/\\\/michalmaciaszek.pl\\\/wp-content\\\/uploads\\\/2026\\\/04\\\/logo_500x500.png\",\"width\":500,\"height\":500,\"caption\":\"Trener Micha\u0142 Maciaszek\"},\"logo\":{\"@id\":\"https:\\\/\\\/michalmaciaszek.pl\\\/wp-content\\\/uploads\\\/2026\\\/04\\\/logo_500x500.png\"},\"description\":\"In\u017cynier cia\u0142a, trener \u015bwiadomo\u015bci...\",\"sameAs\":[\"https:\\\/\\\/michalmaciaszek.pl\",\"https:\\\/\\\/www.facebook.com\\\/MichalMaciaszek\",\"https:\\\/\\\/www.instagram.com\\\/michalmaciaszek\\\/\"]}]}<\/script>\n<!-- \/ Yoast SEO plugin. -->","yoast_head_json":{"title":"Trener personalny Warszawa \u015ar\u00f3dmie\u015bcie | Micha\u0142 Maciaszek - Privacy Policy - Treningi Personalne","description":"Twoje cia\u0142o to jedyny dom, z kt\u00f3rego w tym \u017cyciu si\u0119 nie wyprowadzisz. Urz\u0105d\u017a je tak, by \u017cy\u0142o si\u0119 w nim z przyjemno\u015bci\u0105 i dum\u0105 przez kolejne dekady.","robots":{"index":"index","follow":"follow","max-snippet":"max-snippet:-1","max-image-preview":"max-image-preview:large","max-video-preview":"max-video-preview:-1"},"canonical":"https:\/\/michalmaciaszek.pl\/en\/privacy-policy\/","og_locale":"en_GB","og_type":"article","og_title":"Trener personalny Warszawa \u015ar\u00f3dmie\u015bcie | Micha\u0142 Maciaszek - Privacy Policy - Treningi Personalne","og_description":"Twoje cia\u0142o to jedyny dom, z kt\u00f3rego w tym \u017cyciu si\u0119 nie wyprowadzisz. Urz\u0105d\u017a je tak, by \u017cy\u0142o si\u0119 w nim z przyjemno\u015bci\u0105 i dum\u0105 przez kolejne dekady.","og_url":"https:\/\/michalmaciaszek.pl\/en\/privacy-policy\/","og_site_name":"Trener personalny Warszawa \u015ar\u00f3dmie\u015bcie | Micha\u0142 Maciaszek","article_publisher":"https:\/\/www.facebook.com\/MichalMaciaszek","article_modified_time":"2025-12-08T13:54:40+00:00","og_image":[{"width":1200,"height":675,"url":"https:\/\/michalmaciaszek.pl\/wp-content\/uploads\/2024\/06\/Untitled-design-5.jpg","type":"image\/jpeg"}],"twitter_card":"summary_large_image","twitter_misc":{"Estimated reading time":"8 minutes"},"schema":{"@context":"https:\/\/schema.org","@graph":[{"@type":"WebPage","@id":"https:\/\/michalmaciaszek.pl\/privacy-policy\/","url":"https:\/\/michalmaciaszek.pl\/privacy-policy\/","name":"Trener personalny Warszawa \u015ar\u00f3dmie\u015bcie | Micha\u0142 Maciaszek - Privacy Policy - Treningi Personalne","isPartOf":{"@id":"https:\/\/michalmaciaszek.pl\/#website"},"datePublished":"2024-05-16T13:10:49+00:00","dateModified":"2025-12-08T13:54:40+00:00","description":"Twoje cia\u0142o to jedyny dom, z kt\u00f3rego w tym \u017cyciu si\u0119 nie wyprowadzisz. Urz\u0105d\u017a je tak, by \u017cy\u0142o si\u0119 w nim z przyjemno\u015bci\u0105 i dum\u0105 przez kolejne dekady.","breadcrumb":{"@id":"https:\/\/michalmaciaszek.pl\/privacy-policy\/#breadcrumb"},"inLanguage":"en-GB","potentialAction":[{"@type":"ReadAction","target":["https:\/\/michalmaciaszek.pl\/privacy-policy\/"]}]},{"@type":"BreadcrumbList","@id":"https:\/\/michalmaciaszek.pl\/privacy-policy\/#breadcrumb","itemListElement":[{"@type":"ListItem","position":1,"name":"Strona g\u0142\u00f3wna","item":"https:\/\/michalmaciaszek.pl\/"},{"@type":"ListItem","position":2,"name":"Privacy Policy"}]},{"@type":"WebSite","@id":"https:\/\/michalmaciaszek.pl\/#website","url":"https:\/\/michalmaciaszek.pl\/","name":"Trener personalny Warszawa \u015ar\u00f3dmie\u015bcie | Micha\u0142 Maciaszek","description":"Trening kt\u00f3ry zamienia cia\u0142o z problemu w sprzymierze\u0144ca.","publisher":{"@id":"https:\/\/michalmaciaszek.pl\/#\/schema\/person\/36048bf8e9da2af947489f2b0a4b65fb"},"alternateName":"Trener personalny Warszawa \u015ar\u00f3dmie\u015bcie | Micha\u0142 Maciaszek","potentialAction":[{"@type":"SearchAction","target":{"@type":"EntryPoint","urlTemplate":"https:\/\/michalmaciaszek.pl\/?s={search_term_string}"},"query-input":{"@type":"PropertyValueSpecification","valueRequired":true,"valueName":"search_term_string"}}],"inLanguage":"en-GB"},{"@type":["Person","Organization"],"@id":"https:\/\/michalmaciaszek.pl\/#\/schema\/person\/36048bf8e9da2af947489f2b0a4b65fb","name":"Trener Micha\u0142 Maciaszek","image":{"@type":"ImageObject","inLanguage":"en-GB","@id":"https:\/\/michalmaciaszek.pl\/wp-content\/uploads\/2026\/04\/logo_500x500.png","url":"https:\/\/michalmaciaszek.pl\/wp-content\/uploads\/2026\/04\/logo_500x500.png","contentUrl":"https:\/\/michalmaciaszek.pl\/wp-content\/uploads\/2026\/04\/logo_500x500.png","width":500,"height":500,"caption":"Trener Micha\u0142 Maciaszek"},"logo":{"@id":"https:\/\/michalmaciaszek.pl\/wp-content\/uploads\/2026\/04\/logo_500x500.png"},"description":"In\u017cynier cia\u0142a, trener \u015bwiadomo\u015bci...","sameAs":["https:\/\/michalmaciaszek.pl","https:\/\/www.facebook.com\/MichalMaciaszek","https:\/\/www.instagram.com\/michalmaciaszek\/"]}]}},"_links":{"self":[{"href":"https:\/\/michalmaciaszek.pl\/en\/wp-json\/wp\/v2\/pages\/3","targetHints":{"allow":["GET"]}}],"collection":[{"href":"https:\/\/michalmaciaszek.pl\/en\/wp-json\/wp\/v2\/pages"}],"about":[{"href":"https:\/\/michalmaciaszek.pl\/en\/wp-json\/wp\/v2\/types\/page"}],"author":[{"embeddable":true,"href":"https:\/\/michalmaciaszek.pl\/en\/wp-json\/wp\/v2\/users\/1"}],"replies":[{"embeddable":true,"href":"https:\/\/michalmaciaszek.pl\/en\/wp-json\/wp\/v2\/comments?post=3"}],"version-history":[{"count":22,"href":"https:\/\/michalmaciaszek.pl\/en\/wp-json\/wp\/v2\/pages\/3\/revisions"}],"predecessor-version":[{"id":2936,"href":"https:\/\/michalmaciaszek.pl\/en\/wp-json\/wp\/v2\/pages\/3\/revisions\/2936"}],"wp:attachment":[{"href":"https:\/\/michalmaciaszek.pl\/en\/wp-json\/wp\/v2\/media?parent=3"}],"curies":[{"name":"wp","href":"https:\/\/api.w.org\/{rel}","templated":true}]}}